{"id":1153,"date":"2025-06-18T11:27:12","date_gmt":"2025-06-18T11:27:12","guid":{"rendered":"https:\/\/www.milanrakic.de\/?post_type=product&#038;p=1153"},"modified":"2025-11-25T19:02:10","modified_gmt":"2025-11-25T19:02:10","slug":"athletiktraining","status":"publish","type":"product","link":"https:\/\/www.milanrakic.de\/en\/produkt\/athletiktraining","title":{"rendered":"Athletiktraining f\u00fcr Basketballspieler (8\u201318 Jahre) in Bad Homburg (9:00\u201310:00 Uhr)"},"content":{"rendered":"<div class=\"wpb-content-wrapper\"><p>[vc_row][vc_column][vc_column_text uncode_shortcode_id=&#8221;172745&#8243;]<\/p>\n<p data-start=\"231\" data-end=\"599\"><strong data-start=\"231\" data-end=\"294\">Mehr Power, mehr Kontrolle, mehr Performance auf dem Court.<\/strong><\/p>\n<p data-start=\"231\" data-end=\"599\">Dieses Athletiktraining ist speziell f\u00fcr junge Basketballspieler konzipiert und f\u00f6rdert gezielt die k\u00f6rperlichen Grundlagen, die im Spiel den Unterschied machen. In kleinen Gruppen verbessern wir Schnellkraft, Beweglichkeit, Koordination und Stabilit\u00e4t \u2013 abgestimmt auf die Anforderungen im Basketball.<\/p>\n<p data-start=\"601\" data-end=\"867\"><strong data-start=\"601\" data-end=\"623\">Was dich erwartet:<\/strong><br data-start=\"623\" data-end=\"626\" \/>\u2013 Athletik-Basics: Schnellkraft, Beweglichkeit, Sprungkraft<br data-start=\"685\" data-end=\"688\" \/>\u2013 Core-Training &amp; Koordination<br data-start=\"718\" data-end=\"721\" \/>\u2013 Verletzungspr\u00e4vention und Bewegungs\u00f6konomie<br data-start=\"766\" data-end=\"769\" \/>\u2013 Individuelle Betreuung in Kleingruppen<br data-start=\"809\" data-end=\"812\" \/>\u2013 Basketballspezifisches Technik- und Bewegungstraining<\/p>\n<p data-start=\"869\" data-end=\"1071\"><strong data-start=\"869\" data-end=\"884\">Zielgruppe:<\/strong><br data-start=\"884\" data-end=\"887\" \/>\u2714 Basketballspieler im Alter von <strong data-start=\"920\" data-end=\"939\">8 bis 18 Jahren<\/strong><br data-start=\"939\" data-end=\"942\" \/>\u2714 Spieler, die sich sportlich weiterentwickeln m\u00f6chten<br data-start=\"996\" data-end=\"999\" \/>\u2714 Vereins- oder Auswahlspieler<br data-start=\"1029\" data-end=\"1032\" \/>\u2714 Nachwuchstalente mit Spa\u00df an Bewegung<\/p>\n<p data-start=\"1073\" data-end=\"1130\"><strong data-start=\"1073\" data-end=\"1091\">Ort &amp; Uhrzeit:<\/strong><br data-start=\"1091\" data-end=\"1094\" \/>\ud83d\udccd Bad Homburg<br data-start=\"1108\" data-end=\"1111\" \/>\ud83d\udd58 9:00\u201310:00 Uhr<\/p>\n<p data-start=\"1132\" data-end=\"1189\"><strong data-start=\"1132\" data-end=\"1143\">Termin:<\/strong><br data-start=\"1143\" data-end=\"1146\" \/>\ud83d\udcc5 <strong data-start=\"1149\" data-end=\"1189\">Terminabsprache erfolgt nach Buchung<\/strong><\/p>\n<p data-start=\"1191\" data-end=\"1271\"><strong data-start=\"1191\" data-end=\"1201\">Preis:<\/strong><br data-start=\"1201\" data-end=\"1204\" \/>\ud83d\udcb6 auf Anfrage<\/p>\n<p data-start=\"1191\" data-end=\"1271\">\u27a1\ufe0f Interesse? Schreiben Sie mir einfach eine kurze Nachricht \u00fcber das <a href=\"https:\/\/www.milanrakic.de\/#kontakt\">Kontaktformular<\/a> oder per E-Mail.<\/p>\n<p>[\/vc_column_text][\/vc_column][\/vc_row]<\/p>\n<\/div>","protected":false},"excerpt":{"rendered":"<p>Dieses Athletiktraining ist speziell f\u00fcr junge Basketballspieler konzipiert und f\u00f6rdert gezielt die k\u00f6rperlichen Grundlagen, die im Spiel den Unterschied machen.<\/p>\n<p><strong>Ort:<\/strong> Bad Homburg v. d. H\u00f6he<br \/>\n<strong>Zeitraum:<\/strong> Terminabsprache erfolgt nach Buchung<br \/>\n<strong>Preis:<\/strong> auf Anfrage<\/p>\n","protected":false},"featured_media":711,"comment_status":"open","ping_status":"closed","template":"","meta":[],"product_brand":[],"product_cat":[62],"product_tag":[],"class_list":{"0":"post-1153","1":"product","2":"type-product","3":"status-publish","4":"has-post-thumbnail","6":"product_cat-training","8":"first","9":"instock","10":"shipping-taxable","11":"product-type-simple"},"yoast_head":"<!-- This site is optimized with the Yoast SEO plugin v27.3 - https:\/\/yoast.com\/product\/yoast-seo-wordpress\/ -->\n<title>Athletiktraining f\u00fcr Basketballspieler (8\u201318 Jahre) in Bad Homburg (9:00\u201310:00 Uhr) - Milan Rakic - Athletikcoach<\/title>\n<meta name=\"robots\" content=\"index, follow, max-snippet:-1, max-image-preview:large, max-video-preview:-1\" \/>\n<link rel=\"canonical\" href=\"https:\/\/www.milanrakic.de\/en\/produkt\/athletiktraining\" \/>\n<meta property=\"og:locale\" content=\"en_US\" \/>\n<meta property=\"og:type\" content=\"article\" \/>\n<meta property=\"og:title\" content=\"Athletiktraining f\u00fcr Basketballspieler (8\u201318 Jahre) in Bad Homburg (9:00\u201310:00 Uhr) - Milan Rakic - Athletikcoach\" \/>\n<meta property=\"og:description\" content=\"Dieses Athletiktraining ist speziell f\u00fcr junge Basketballspieler konzipiert und f\u00f6rdert gezielt die k\u00f6rperlichen Grundlagen, die im Spiel den Unterschied machen.  Ort: Bad Homburg v. d. H\u00f6he Zeitraum: Terminabsprache erfolgt nach Buchung Preis: auf Anfrage\" \/>\n<meta property=\"og:url\" content=\"https:\/\/www.milanrakic.de\/en\/produkt\/athletiktraining\" \/>\n<meta property=\"og:site_name\" content=\"Milan Rakic - Athletikcoach\" \/>\n<meta property=\"article:modified_time\" content=\"2025-11-25T19:02:10+00:00\" \/>\n<meta property=\"og:image\" content=\"https:\/\/www.milanrakic.de\/wp-content\/uploads\/2022\/05\/DSC02622.jpg\" \/>\n\t<meta property=\"og:image:width\" content=\"1908\" \/>\n\t<meta property=\"og:image:height\" content=\"2443\" \/>\n\t<meta property=\"og:image:type\" content=\"image\/jpeg\" \/>\n<meta name=\"twitter:card\" content=\"summary_large_image\" \/>\n<meta name=\"twitter:label1\" content=\"Est. reading time\" \/>\n\t<meta name=\"twitter:data1\" content=\"1 minute\" \/>\n<script type=\"application\/ld+json\" class=\"yoast-schema-graph\">{\"@context\":\"https:\\\/\\\/schema.org\",\"@graph\":[{\"@type\":\"WebPage\",\"@id\":\"https:\\\/\\\/www.milanrakic.de\\\/en\\\/produkt\\\/athletiktraining\",\"url\":\"https:\\\/\\\/www.milanrakic.de\\\/en\\\/produkt\\\/athletiktraining\",\"name\":\"Athletiktraining f\u00fcr Basketballspieler (8\u201318 Jahre) in Bad Homburg (9:00\u201310:00 Uhr) - Milan Rakic - Athletikcoach\",\"isPartOf\":{\"@id\":\"https:\\\/\\\/www.milanrakic.de\\\/en#website\"},\"primaryImageOfPage\":{\"@id\":\"https:\\\/\\\/www.milanrakic.de\\\/en\\\/produkt\\\/athletiktraining#primaryimage\"},\"image\":{\"@id\":\"https:\\\/\\\/www.milanrakic.de\\\/en\\\/produkt\\\/athletiktraining#primaryimage\"},\"thumbnailUrl\":\"https:\\\/\\\/www.milanrakic.de\\\/wp-content\\\/uploads\\\/2022\\\/05\\\/DSC02622.jpg\",\"datePublished\":\"2025-06-18T11:27:12+00:00\",\"dateModified\":\"2025-11-25T19:02:10+00:00\",\"breadcrumb\":{\"@id\":\"https:\\\/\\\/www.milanrakic.de\\\/en\\\/produkt\\\/athletiktraining#breadcrumb\"},\"inLanguage\":\"en-US\",\"potentialAction\":[{\"@type\":\"ReadAction\",\"target\":[\"https:\\\/\\\/www.milanrakic.de\\\/en\\\/produkt\\\/athletiktraining\"]}]},{\"@type\":\"ImageObject\",\"inLanguage\":\"en-US\",\"@id\":\"https:\\\/\\\/www.milanrakic.de\\\/en\\\/produkt\\\/athletiktraining#primaryimage\",\"url\":\"https:\\\/\\\/www.milanrakic.de\\\/wp-content\\\/uploads\\\/2022\\\/05\\\/DSC02622.jpg\",\"contentUrl\":\"https:\\\/\\\/www.milanrakic.de\\\/wp-content\\\/uploads\\\/2022\\\/05\\\/DSC02622.jpg\",\"width\":1908,\"height\":2443},{\"@type\":\"BreadcrumbList\",\"@id\":\"https:\\\/\\\/www.milanrakic.de\\\/en\\\/produkt\\\/athletiktraining#breadcrumb\",\"itemListElement\":[{\"@type\":\"ListItem\",\"position\":1,\"name\":\"Startseite\",\"item\":\"https:\\\/\\\/www.milanrakic.de\\\/shop\"},{\"@type\":\"ListItem\",\"position\":2,\"name\":\"Athletiktraining f\u00fcr Basketballspieler (8\u201318 Jahre) in Bad Homburg (9:00\u201310:00 Uhr)\"}]},{\"@type\":\"WebSite\",\"@id\":\"https:\\\/\\\/www.milanrakic.de\\\/en#website\",\"url\":\"https:\\\/\\\/www.milanrakic.de\\\/en\",\"name\":\"Milan Rakic - Athletikcoach\",\"description\":\"Online-Coaching\",\"publisher\":{\"@id\":\"https:\\\/\\\/www.milanrakic.de\\\/en#organization\"},\"potentialAction\":[{\"@type\":\"SearchAction\",\"target\":{\"@type\":\"EntryPoint\",\"urlTemplate\":\"https:\\\/\\\/www.milanrakic.de\\\/en?s={search_term_string}\"},\"query-input\":{\"@type\":\"PropertyValueSpecification\",\"valueRequired\":true,\"valueName\":\"search_term_string\"}}],\"inLanguage\":\"en-US\"},{\"@type\":\"Organization\",\"@id\":\"https:\\\/\\\/www.milanrakic.de\\\/en#organization\",\"name\":\"Milan Rakic\",\"url\":\"https:\\\/\\\/www.milanrakic.de\\\/en\",\"logo\":{\"@type\":\"ImageObject\",\"inLanguage\":\"en-US\",\"@id\":\"https:\\\/\\\/www.milanrakic.de\\\/en#\\\/schema\\\/logo\\\/image\\\/\",\"url\":\"https:\\\/\\\/www.milanrakic.de\\\/wp-content\\\/uploads\\\/2020\\\/08\\\/Color-logo-no-background-1.png\",\"contentUrl\":\"https:\\\/\\\/www.milanrakic.de\\\/wp-content\\\/uploads\\\/2020\\\/08\\\/Color-logo-no-background-1.png\",\"width\":2198,\"height\":438,\"caption\":\"Milan Rakic\"},\"image\":{\"@id\":\"https:\\\/\\\/www.milanrakic.de\\\/en#\\\/schema\\\/logo\\\/image\\\/\"}}]}<\/script>\n<!-- \/ Yoast SEO plugin. -->","yoast_head_json":{"title":"Athletiktraining f\u00fcr Basketballspieler (8\u201318 Jahre) in Bad Homburg (9:00\u201310:00 Uhr) - Milan Rakic - Athletikcoach","robots":{"index":"index","follow":"follow","max-snippet":"max-snippet:-1","max-image-preview":"max-image-preview:large","max-video-preview":"max-video-preview:-1"},"canonical":"https:\/\/www.milanrakic.de\/en\/produkt\/athletiktraining","og_locale":"en_US","og_type":"article","og_title":"Athletiktraining f\u00fcr Basketballspieler (8\u201318 Jahre) in Bad Homburg (9:00\u201310:00 Uhr) - Milan Rakic - Athletikcoach","og_description":"Dieses Athletiktraining ist speziell f\u00fcr junge Basketballspieler konzipiert und f\u00f6rdert gezielt die k\u00f6rperlichen Grundlagen, die im Spiel den Unterschied machen.  Ort: Bad Homburg v. d. H\u00f6he Zeitraum: Terminabsprache erfolgt nach Buchung Preis: auf Anfrage","og_url":"https:\/\/www.milanrakic.de\/en\/produkt\/athletiktraining","og_site_name":"Milan Rakic - Athletikcoach","article_modified_time":"2025-11-25T19:02:10+00:00","og_image":[{"width":1908,"height":2443,"url":"https:\/\/www.milanrakic.de\/wp-content\/uploads\/2022\/05\/DSC02622.jpg","type":"image\/jpeg"}],"twitter_card":"summary_large_image","twitter_misc":{"Est. reading time":"1 minute"},"schema":{"@context":"https:\/\/schema.org","@graph":[{"@type":"WebPage","@id":"https:\/\/www.milanrakic.de\/en\/produkt\/athletiktraining","url":"https:\/\/www.milanrakic.de\/en\/produkt\/athletiktraining","name":"Athletiktraining f\u00fcr Basketballspieler (8\u201318 Jahre) in Bad Homburg (9:00\u201310:00 Uhr) - Milan Rakic - Athletikcoach","isPartOf":{"@id":"https:\/\/www.milanrakic.de\/en#website"},"primaryImageOfPage":{"@id":"https:\/\/www.milanrakic.de\/en\/produkt\/athletiktraining#primaryimage"},"image":{"@id":"https:\/\/www.milanrakic.de\/en\/produkt\/athletiktraining#primaryimage"},"thumbnailUrl":"https:\/\/www.milanrakic.de\/wp-content\/uploads\/2022\/05\/DSC02622.jpg","datePublished":"2025-06-18T11:27:12+00:00","dateModified":"2025-11-25T19:02:10+00:00","breadcrumb":{"@id":"https:\/\/www.milanrakic.de\/en\/produkt\/athletiktraining#breadcrumb"},"inLanguage":"en-US","potentialAction":[{"@type":"ReadAction","target":["https:\/\/www.milanrakic.de\/en\/produkt\/athletiktraining"]}]},{"@type":"ImageObject","inLanguage":"en-US","@id":"https:\/\/www.milanrakic.de\/en\/produkt\/athletiktraining#primaryimage","url":"https:\/\/www.milanrakic.de\/wp-content\/uploads\/2022\/05\/DSC02622.jpg","contentUrl":"https:\/\/www.milanrakic.de\/wp-content\/uploads\/2022\/05\/DSC02622.jpg","width":1908,"height":2443},{"@type":"BreadcrumbList","@id":"https:\/\/www.milanrakic.de\/en\/produkt\/athletiktraining#breadcrumb","itemListElement":[{"@type":"ListItem","position":1,"name":"Startseite","item":"https:\/\/www.milanrakic.de\/shop"},{"@type":"ListItem","position":2,"name":"Athletiktraining f\u00fcr Basketballspieler (8\u201318 Jahre) in Bad Homburg (9:00\u201310:00 Uhr)"}]},{"@type":"WebSite","@id":"https:\/\/www.milanrakic.de\/en#website","url":"https:\/\/www.milanrakic.de\/en","name":"Milan Rakic - Athletikcoach","description":"Online-Coaching","publisher":{"@id":"https:\/\/www.milanrakic.de\/en#organization"},"potentialAction":[{"@type":"SearchAction","target":{"@type":"EntryPoint","urlTemplate":"https:\/\/www.milanrakic.de\/en?s={search_term_string}"},"query-input":{"@type":"PropertyValueSpecification","valueRequired":true,"valueName":"search_term_string"}}],"inLanguage":"en-US"},{"@type":"Organization","@id":"https:\/\/www.milanrakic.de\/en#organization","name":"Milan Rakic","url":"https:\/\/www.milanrakic.de\/en","logo":{"@type":"ImageObject","inLanguage":"en-US","@id":"https:\/\/www.milanrakic.de\/en#\/schema\/logo\/image\/","url":"https:\/\/www.milanrakic.de\/wp-content\/uploads\/2020\/08\/Color-logo-no-background-1.png","contentUrl":"https:\/\/www.milanrakic.de\/wp-content\/uploads\/2020\/08\/Color-logo-no-background-1.png","width":2198,"height":438,"caption":"Milan Rakic"},"image":{"@id":"https:\/\/www.milanrakic.de\/en#\/schema\/logo\/image\/"}}]}},"_links":{"self":[{"href":"https:\/\/www.milanrakic.de\/en\/wp-json\/wp\/v2\/product\/1153","targetHints":{"allow":["GET"]}}],"collection":[{"href":"https:\/\/www.milanrakic.de\/en\/wp-json\/wp\/v2\/product"}],"about":[{"href":"https:\/\/www.milanrakic.de\/en\/wp-json\/wp\/v2\/types\/product"}],"replies":[{"embeddable":true,"href":"https:\/\/www.milanrakic.de\/en\/wp-json\/wp\/v2\/comments?post=1153"}],"wp:featuredmedia":[{"embeddable":true,"href":"https:\/\/www.milanrakic.de\/en\/wp-json\/wp\/v2\/media\/711"}],"wp:attachment":[{"href":"https:\/\/www.milanrakic.de\/en\/wp-json\/wp\/v2\/media?parent=1153"}],"wp:term":[{"taxonomy":"product_brand","embeddable":true,"href":"https:\/\/www.milanrakic.de\/en\/wp-json\/wp\/v2\/product_brand?post=1153"},{"taxonomy":"product_cat","embeddable":true,"href":"https:\/\/www.milanrakic.de\/en\/wp-json\/wp\/v2\/product_cat?post=1153"},{"taxonomy":"product_tag","embeddable":true,"href":"https:\/\/www.milanrakic.de\/en\/wp-json\/wp\/v2\/product_tag?post=1153"}],"curies":[{"name":"wp","href":"https:\/\/api.w.org\/{rel}","templated":true}]}}