{"id":1111,"date":"2025-06-02T09:05:16","date_gmt":"2025-06-02T09:05:16","guid":{"rendered":"https:\/\/www.milanrakic.de\/?post_type=product&#038;p=1111"},"modified":"2025-09-16T05:38:49","modified_gmt":"2025-09-16T05:38:49","slug":"bootcamp","status":"publish","type":"product","link":"https:\/\/www.milanrakic.de\/en\/produkt\/bootcamp","title":{"rendered":"Bootcamp Gruppentraining in Bad Homburg (10:30\u201311:30 Uhr)"},"content":{"rendered":"<div class=\"wpb-content-wrapper\"><p>[vc_row][vc_column][vc_column_text uncode_shortcode_id=&#8221;199638&#8243;]<\/p>\n<p data-start=\"217\" data-end=\"651\"><strong data-start=\"217\" data-end=\"291\">Starte aktiv in den Tag und bring deine Fitness auf das n\u00e4chste Level!<\/strong><br data-start=\"291\" data-end=\"294\" \/>Dieses funktionelle Gruppentraining richtet sich an alle, die Lust auf ein abwechslungsreiches, intensives Workout in motivierender Atmosph\u00e4re haben \u2013 egal ob Einsteiger oder Fortgeschrittene. Gemeinsam trainieren wir mit dem eigenen K\u00f6rpergewicht und Kleinger\u00e4ten, st\u00e4rken Ausdauer, Kraft und Beweglichkeit \u2013 und pushen uns gegenseitig zu H\u00f6chstleistungen.<\/p>\n<p data-start=\"653\" data-end=\"842\"><strong data-start=\"653\" data-end=\"675\">Was dich erwartet:<\/strong><br data-start=\"675\" data-end=\"678\" \/>\u2013 Funktionelles Ganzk\u00f6rpertraining<br data-start=\"712\" data-end=\"715\" \/>\u2013 Intervall- und Kraftausdauereinheiten<br data-start=\"754\" data-end=\"757\" \/>\u2013 Gruppendynamik &amp; individuelle Betreuung<br data-start=\"798\" data-end=\"801\" \/>\u2013 Motivation, Spa\u00df und Energie garantiert<\/p>\n<p data-start=\"844\" data-end=\"1131\"><strong data-start=\"844\" data-end=\"859\">Zielgruppe:<\/strong><br data-start=\"859\" data-end=\"862\" \/>\u2714 Berufst\u00e4tige mit wenig Zeit<br data-start=\"891\" data-end=\"894\" \/>\u2714 Fitness-Einsteiger mit Bedarf an Anleitung<br data-start=\"938\" data-end=\"941\" \/>\u2714 Fortgeschrittene, die neue Reize setzen wollen<br data-start=\"989\" data-end=\"992\" \/>\u2714 Gesundheitsbewusste mit Zielen wie Gewichtsreduktion oder K\u00f6rperstraffung<br data-start=\"1067\" data-end=\"1070\" \/>\u2714 Freundesgruppen oder Kollegen<br data-start=\"1101\" data-end=\"1104\" \/>\u2714 Eltern mit engem Zeitplan<\/p>\n<p data-start=\"1133\" data-end=\"1191\"><strong data-start=\"1133\" data-end=\"1151\">Ort &amp; Uhrzeit:<\/strong><br data-start=\"1151\" data-end=\"1154\" \/>\ud83d\udccd Bad Homburg<br data-start=\"1168\" data-end=\"1171\" \/>\ud83d\udd65 10:30\u201311:30 Uhr<\/p>\n<p data-start=\"1193\" data-end=\"1250\"><strong data-start=\"1193\" data-end=\"1204\">Termin:<\/strong><br data-start=\"1204\" data-end=\"1207\" \/>\ud83d\udcc5 <strong data-start=\"1210\" data-end=\"1250\">Terminabsprache erfolgt nach Buchung<\/strong><\/p>\n<p data-start=\"1252\" data-end=\"1332\"><strong data-start=\"1252\" data-end=\"1262\">Preis:<\/strong><br data-start=\"1262\" data-end=\"1265\" \/>\ud83d\udcb6 auf Anfrage<\/p>\n<p data-start=\"1252\" data-end=\"1332\">\u27a1\ufe0f Interesse? Schreiben Sie mir einfach eine kurze Nachricht \u00fcber das <a href=\"https:\/\/www.milanrakic.de\/#kontakt\">Kontaktformular<\/a> oder per E-Mail.<\/p>\n<p>[\/vc_column_text][\/vc_column][\/vc_row]<\/p>\n<\/div>","protected":false},"excerpt":{"rendered":"<p>Dieses funktionelle Gruppentraining richtet sich an alle, die Lust auf ein abwechslungsreiches, intensives Workout in motivierender Atmosph\u00e4re haben.<\/p>\n<p><strong>Ort:<\/strong> Bad Homburg v. d. H\u00f6he<br \/>\n<strong>Zeitraum:<\/strong> Terminabsprache erfolgt nach Buchung<br \/>\n<strong>Preis:<\/strong> auf Anfrage<\/p>\n","protected":false},"featured_media":219,"comment_status":"open","ping_status":"closed","template":"","meta":[],"product_brand":[],"product_cat":[62],"product_tag":[],"class_list":{"0":"post-1111","1":"product","2":"type-product","3":"status-publish","4":"has-post-thumbnail","6":"product_cat-training","8":"first","9":"instock","10":"shipping-taxable","11":"product-type-simple"},"yoast_head":"<!-- This site is optimized with the Yoast SEO plugin v27.3 - https:\/\/yoast.com\/product\/yoast-seo-wordpress\/ -->\n<title>Bootcamp Gruppentraining in Bad Homburg (10:30\u201311:30 Uhr) - Milan Rakic - Athletikcoach<\/title>\n<meta name=\"robots\" content=\"index, follow, max-snippet:-1, max-image-preview:large, max-video-preview:-1\" \/>\n<link rel=\"canonical\" href=\"https:\/\/www.milanrakic.de\/en\/produkt\/bootcamp\" \/>\n<meta property=\"og:locale\" content=\"en_US\" \/>\n<meta property=\"og:type\" content=\"article\" \/>\n<meta property=\"og:title\" content=\"Bootcamp Gruppentraining in Bad Homburg (10:30\u201311:30 Uhr) - Milan Rakic - Athletikcoach\" \/>\n<meta property=\"og:description\" content=\"Dieses funktionelle Gruppentraining richtet sich an alle, die Lust auf ein abwechslungsreiches, intensives Workout in motivierender Atmosph\u00e4re haben.  Ort: Bad Homburg v. d. H\u00f6he Zeitraum: Terminabsprache erfolgt nach Buchung Preis: auf Anfrage\" \/>\n<meta property=\"og:url\" content=\"https:\/\/www.milanrakic.de\/en\/produkt\/bootcamp\" \/>\n<meta property=\"og:site_name\" content=\"Milan Rakic - Athletikcoach\" \/>\n<meta property=\"article:modified_time\" content=\"2025-09-16T05:38:49+00:00\" \/>\n<meta property=\"og:image\" content=\"https:\/\/www.milanrakic.de\/wp-content\/uploads\/2020\/08\/DSC06904-e1598949561187.jpg\" \/>\n\t<meta property=\"og:image:width\" content=\"1906\" \/>\n\t<meta property=\"og:image:height\" content=\"1906\" \/>\n\t<meta property=\"og:image:type\" content=\"image\/jpeg\" \/>\n<meta name=\"twitter:card\" content=\"summary_large_image\" \/>\n<meta name=\"twitter:label1\" content=\"Est. reading time\" \/>\n\t<meta name=\"twitter:data1\" content=\"2 minutes\" \/>\n<script type=\"application\/ld+json\" class=\"yoast-schema-graph\">{\"@context\":\"https:\\\/\\\/schema.org\",\"@graph\":[{\"@type\":\"WebPage\",\"@id\":\"https:\\\/\\\/www.milanrakic.de\\\/en\\\/produkt\\\/bootcamp\",\"url\":\"https:\\\/\\\/www.milanrakic.de\\\/en\\\/produkt\\\/bootcamp\",\"name\":\"Bootcamp Gruppentraining in Bad Homburg (10:30\u201311:30 Uhr) - Milan Rakic - Athletikcoach\",\"isPartOf\":{\"@id\":\"https:\\\/\\\/www.milanrakic.de\\\/en#website\"},\"primaryImageOfPage\":{\"@id\":\"https:\\\/\\\/www.milanrakic.de\\\/en\\\/produkt\\\/bootcamp#primaryimage\"},\"image\":{\"@id\":\"https:\\\/\\\/www.milanrakic.de\\\/en\\\/produkt\\\/bootcamp#primaryimage\"},\"thumbnailUrl\":\"https:\\\/\\\/www.milanrakic.de\\\/wp-content\\\/uploads\\\/2020\\\/08\\\/DSC06904-e1598949561187.jpg\",\"datePublished\":\"2025-06-02T09:05:16+00:00\",\"dateModified\":\"2025-09-16T05:38:49+00:00\",\"breadcrumb\":{\"@id\":\"https:\\\/\\\/www.milanrakic.de\\\/en\\\/produkt\\\/bootcamp#breadcrumb\"},\"inLanguage\":\"en-US\",\"potentialAction\":[{\"@type\":\"ReadAction\",\"target\":[\"https:\\\/\\\/www.milanrakic.de\\\/en\\\/produkt\\\/bootcamp\"]}]},{\"@type\":\"ImageObject\",\"inLanguage\":\"en-US\",\"@id\":\"https:\\\/\\\/www.milanrakic.de\\\/en\\\/produkt\\\/bootcamp#primaryimage\",\"url\":\"https:\\\/\\\/www.milanrakic.de\\\/wp-content\\\/uploads\\\/2020\\\/08\\\/DSC06904-e1598949561187.jpg\",\"contentUrl\":\"https:\\\/\\\/www.milanrakic.de\\\/wp-content\\\/uploads\\\/2020\\\/08\\\/DSC06904-e1598949561187.jpg\",\"width\":1906,\"height\":1906},{\"@type\":\"BreadcrumbList\",\"@id\":\"https:\\\/\\\/www.milanrakic.de\\\/en\\\/produkt\\\/bootcamp#breadcrumb\",\"itemListElement\":[{\"@type\":\"ListItem\",\"position\":1,\"name\":\"Startseite\",\"item\":\"https:\\\/\\\/www.milanrakic.de\\\/shop\"},{\"@type\":\"ListItem\",\"position\":2,\"name\":\"Bootcamp Gruppentraining in Bad Homburg (10:30\u201311:30 Uhr)\"}]},{\"@type\":\"WebSite\",\"@id\":\"https:\\\/\\\/www.milanrakic.de\\\/en#website\",\"url\":\"https:\\\/\\\/www.milanrakic.de\\\/en\",\"name\":\"Milan Rakic - Athletikcoach\",\"description\":\"Online-Coaching\",\"publisher\":{\"@id\":\"https:\\\/\\\/www.milanrakic.de\\\/en#organization\"},\"potentialAction\":[{\"@type\":\"SearchAction\",\"target\":{\"@type\":\"EntryPoint\",\"urlTemplate\":\"https:\\\/\\\/www.milanrakic.de\\\/en?s={search_term_string}\"},\"query-input\":{\"@type\":\"PropertyValueSpecification\",\"valueRequired\":true,\"valueName\":\"search_term_string\"}}],\"inLanguage\":\"en-US\"},{\"@type\":\"Organization\",\"@id\":\"https:\\\/\\\/www.milanrakic.de\\\/en#organization\",\"name\":\"Milan Rakic\",\"url\":\"https:\\\/\\\/www.milanrakic.de\\\/en\",\"logo\":{\"@type\":\"ImageObject\",\"inLanguage\":\"en-US\",\"@id\":\"https:\\\/\\\/www.milanrakic.de\\\/en#\\\/schema\\\/logo\\\/image\\\/\",\"url\":\"https:\\\/\\\/www.milanrakic.de\\\/wp-content\\\/uploads\\\/2020\\\/08\\\/Color-logo-no-background-1.png\",\"contentUrl\":\"https:\\\/\\\/www.milanrakic.de\\\/wp-content\\\/uploads\\\/2020\\\/08\\\/Color-logo-no-background-1.png\",\"width\":2198,\"height\":438,\"caption\":\"Milan Rakic\"},\"image\":{\"@id\":\"https:\\\/\\\/www.milanrakic.de\\\/en#\\\/schema\\\/logo\\\/image\\\/\"}}]}<\/script>\n<!-- \/ Yoast SEO plugin. -->","yoast_head_json":{"title":"Bootcamp Gruppentraining in Bad Homburg (10:30\u201311:30 Uhr) - Milan Rakic - Athletikcoach","robots":{"index":"index","follow":"follow","max-snippet":"max-snippet:-1","max-image-preview":"max-image-preview:large","max-video-preview":"max-video-preview:-1"},"canonical":"https:\/\/www.milanrakic.de\/en\/produkt\/bootcamp","og_locale":"en_US","og_type":"article","og_title":"Bootcamp Gruppentraining in Bad Homburg (10:30\u201311:30 Uhr) - Milan Rakic - Athletikcoach","og_description":"Dieses funktionelle Gruppentraining richtet sich an alle, die Lust auf ein abwechslungsreiches, intensives Workout in motivierender Atmosph\u00e4re haben.  Ort: Bad Homburg v. d. H\u00f6he Zeitraum: Terminabsprache erfolgt nach Buchung Preis: auf Anfrage","og_url":"https:\/\/www.milanrakic.de\/en\/produkt\/bootcamp","og_site_name":"Milan Rakic - Athletikcoach","article_modified_time":"2025-09-16T05:38:49+00:00","og_image":[{"width":1906,"height":1906,"url":"https:\/\/www.milanrakic.de\/wp-content\/uploads\/2020\/08\/DSC06904-e1598949561187.jpg","type":"image\/jpeg"}],"twitter_card":"summary_large_image","twitter_misc":{"Est. reading time":"2 minutes"},"schema":{"@context":"https:\/\/schema.org","@graph":[{"@type":"WebPage","@id":"https:\/\/www.milanrakic.de\/en\/produkt\/bootcamp","url":"https:\/\/www.milanrakic.de\/en\/produkt\/bootcamp","name":"Bootcamp Gruppentraining in Bad Homburg (10:30\u201311:30 Uhr) - Milan Rakic - Athletikcoach","isPartOf":{"@id":"https:\/\/www.milanrakic.de\/en#website"},"primaryImageOfPage":{"@id":"https:\/\/www.milanrakic.de\/en\/produkt\/bootcamp#primaryimage"},"image":{"@id":"https:\/\/www.milanrakic.de\/en\/produkt\/bootcamp#primaryimage"},"thumbnailUrl":"https:\/\/www.milanrakic.de\/wp-content\/uploads\/2020\/08\/DSC06904-e1598949561187.jpg","datePublished":"2025-06-02T09:05:16+00:00","dateModified":"2025-09-16T05:38:49+00:00","breadcrumb":{"@id":"https:\/\/www.milanrakic.de\/en\/produkt\/bootcamp#breadcrumb"},"inLanguage":"en-US","potentialAction":[{"@type":"ReadAction","target":["https:\/\/www.milanrakic.de\/en\/produkt\/bootcamp"]}]},{"@type":"ImageObject","inLanguage":"en-US","@id":"https:\/\/www.milanrakic.de\/en\/produkt\/bootcamp#primaryimage","url":"https:\/\/www.milanrakic.de\/wp-content\/uploads\/2020\/08\/DSC06904-e1598949561187.jpg","contentUrl":"https:\/\/www.milanrakic.de\/wp-content\/uploads\/2020\/08\/DSC06904-e1598949561187.jpg","width":1906,"height":1906},{"@type":"BreadcrumbList","@id":"https:\/\/www.milanrakic.de\/en\/produkt\/bootcamp#breadcrumb","itemListElement":[{"@type":"ListItem","position":1,"name":"Startseite","item":"https:\/\/www.milanrakic.de\/shop"},{"@type":"ListItem","position":2,"name":"Bootcamp Gruppentraining in Bad Homburg (10:30\u201311:30 Uhr)"}]},{"@type":"WebSite","@id":"https:\/\/www.milanrakic.de\/en#website","url":"https:\/\/www.milanrakic.de\/en","name":"Milan Rakic - Athletikcoach","description":"Online-Coaching","publisher":{"@id":"https:\/\/www.milanrakic.de\/en#organization"},"potentialAction":[{"@type":"SearchAction","target":{"@type":"EntryPoint","urlTemplate":"https:\/\/www.milanrakic.de\/en?s={search_term_string}"},"query-input":{"@type":"PropertyValueSpecification","valueRequired":true,"valueName":"search_term_string"}}],"inLanguage":"en-US"},{"@type":"Organization","@id":"https:\/\/www.milanrakic.de\/en#organization","name":"Milan Rakic","url":"https:\/\/www.milanrakic.de\/en","logo":{"@type":"ImageObject","inLanguage":"en-US","@id":"https:\/\/www.milanrakic.de\/en#\/schema\/logo\/image\/","url":"https:\/\/www.milanrakic.de\/wp-content\/uploads\/2020\/08\/Color-logo-no-background-1.png","contentUrl":"https:\/\/www.milanrakic.de\/wp-content\/uploads\/2020\/08\/Color-logo-no-background-1.png","width":2198,"height":438,"caption":"Milan Rakic"},"image":{"@id":"https:\/\/www.milanrakic.de\/en#\/schema\/logo\/image\/"}}]}},"_links":{"self":[{"href":"https:\/\/www.milanrakic.de\/en\/wp-json\/wp\/v2\/product\/1111","targetHints":{"allow":["GET"]}}],"collection":[{"href":"https:\/\/www.milanrakic.de\/en\/wp-json\/wp\/v2\/product"}],"about":[{"href":"https:\/\/www.milanrakic.de\/en\/wp-json\/wp\/v2\/types\/product"}],"replies":[{"embeddable":true,"href":"https:\/\/www.milanrakic.de\/en\/wp-json\/wp\/v2\/comments?post=1111"}],"wp:featuredmedia":[{"embeddable":true,"href":"https:\/\/www.milanrakic.de\/en\/wp-json\/wp\/v2\/media\/219"}],"wp:attachment":[{"href":"https:\/\/www.milanrakic.de\/en\/wp-json\/wp\/v2\/media?parent=1111"}],"wp:term":[{"taxonomy":"product_brand","embeddable":true,"href":"https:\/\/www.milanrakic.de\/en\/wp-json\/wp\/v2\/product_brand?post=1111"},{"taxonomy":"product_cat","embeddable":true,"href":"https:\/\/www.milanrakic.de\/en\/wp-json\/wp\/v2\/product_cat?post=1111"},{"taxonomy":"product_tag","embeddable":true,"href":"https:\/\/www.milanrakic.de\/en\/wp-json\/wp\/v2\/product_tag?post=1111"}],"curies":[{"name":"wp","href":"https:\/\/api.w.org\/{rel}","templated":true}]}}